{"id":12618,"date":"2022-06-09T12:21:46","date_gmt":"2022-06-09T10:21:46","guid":{"rendered":"http:\/\/www.kozaaa.pl\/typowacze\/?page_id=12618"},"modified":"2022-06-09T15:09:20","modified_gmt":"2022-06-09T13:09:20","slug":"zasady","status":"publish","type":"page","link":"https:\/\/www.kozaaa.pl\/typowacze\/home\/zasady\/","title":{"rendered":"Zasady typowania"},"content":{"rendered":"\n<div class=\"wp-block-group\"><div class=\"wp-block-group__inner-container is-layout-flow wp-block-group-is-layout-flow\">\n<p>Typujemy ju\u017c par\u0119 lat, zawsze na tych samych zasadach. Mo\u017cecie si\u0119 nie zgadza\u0107, ale lata pokaza\u0142y, \u017ce to dobry spos\u00f3b i fajnie potrafi zmieni\u0107 tabel\u0119.<br>Zasady typowania zostaj\u0105 wi\u0119c niezmienne. <br>Dla fazy grupowej, wszystko jest jasne. 3 pkt. je\u015bli wynik jest poprawny, 1 pkt. je\u015bli wytypowali\u015bmy zwyci\u0119zc\u0119. <\/p>\n<\/div><\/div>\n\n\n\n<hr class=\"wp-block-separator has-alpha-channel-opacity\"\/>\n\n\n\n<div class=\"wp-block-group\"><div class=\"wp-block-group__inner-container is-layout-flow wp-block-group-is-layout-flow\">\n<p class=\"has-small-font-size\">Przyk\u0142ad: Mecz Polska: Anglia i typuj\u0105cy: Ania, Zosia, Janek<\/p>\n\n\n\n<p class=\"has-small-font-size\">Wynik meczu 1:0<\/p>\n\n\n\n<div class=\"wp-block-group\"><div class=\"wp-block-group__inner-container is-layout-flow wp-block-group-is-layout-flow\">\n<div class=\"wp-block-columns is-layout-flex wp-container-core-columns-is-layout-9d6595d7 wp-block-columns-is-layout-flex\">\n<div class=\"wp-block-column is-layout-flow wp-block-column-is-layout-flow\" style=\"flex-basis:100%\"><\/div>\n<\/div>\n\n\n\n<figure class=\"wp-block-table has-small-font-size\"><table><tbody><tr><td><strong>TYPOWACZ<\/strong><\/td><td><strong>TYP<\/strong><\/td><td><strong>PUNKTY<\/strong><\/td><\/tr><tr><td>Ania<\/td><td>1:0<\/td><td>3 pkt.<\/td><\/tr><tr><td>Zosia<\/td><td>0:1<\/td><td>0 pkt.<\/td><\/tr><tr><td>Janek<\/td><td>2:0<\/td><td>1 pkt.<\/td><\/tr><\/tbody><\/table><\/figure>\n<\/div><\/div>\n\n\n\n<hr class=\"wp-block-separator has-alpha-channel-opacity\"\/>\n\n\n\n<p>Sprawa komplikuje si\u0119, gdy w gr\u0119 wchodz\u0105 karne. Generalnie wynik, kt\u00f3ry podajecie w tabeli jest wynikiem meczu razem z dogrywk\u0105.<\/p>\n<\/div><\/div>\n\n\n\n<p><strong>We\u017acie pod uwag\u0119, \u017ce nie ma dla mnie znaczenia wynik, np. 1:1 ale w normalnym czasie gry. Liczy si\u0119 wynik meczu z dogrywk\u0105 (doliczonym czasem gry)<\/strong>. Je\u015bli wskazujecie remis pami\u0119tajcie wskaza\u0107 r\u00f3wnie\u017c zwyci\u0119zc\u0119 w karnych. <strong>Tutaj znowu uwaga, nie podajecie mi wyniku bramek z karnych- tylko zwyci\u0119zc\u0119 wskazujecie.<\/strong><\/p>\n\n\n\n<p>Spr\u00f3bujmy odnale\u017a\u0107 si\u0119 w tym na przyk\u0142adzie:<\/p>\n\n\n\n<hr class=\"wp-block-separator has-alpha-channel-opacity\"\/>\n\n\n\n<div class=\"wp-block-group\"><div class=\"wp-block-group__inner-container is-layout-flow wp-block-group-is-layout-flow\">\n<p class=\"has-small-font-size\">Przyk\u0142ad: Mecz Polska: Anglia i typuj\u0105cy: Ania, Zosia, Janek, Grzesiek, Karol, Jakub<\/p>\n\n\n\n<p class=\"has-small-font-size\">Wynik meczu 2:2 i s\u0105 karne, w kt\u00f3rych wygrywa Polska.<\/p>\n\n\n\n<figure class=\"wp-block-table has-small-font-size\"><table><tbody><tr><td><strong>TYPOWACZ<\/strong><\/td><td><strong>TYP<\/strong><\/td><td><strong>PUNKTY<\/strong><\/td><\/tr><tr><td>Ania<\/td><td>1:1 (Anglia)<\/td><td>1 pkt.<\/td><\/tr><tr><td>Zosia<\/td><td>1:0<\/td><td>1 pkt.<\/td><\/tr><tr><td>Janek<\/td><td>2:2 (Anglia)<\/td><td>3 pkt.<\/td><\/tr><tr><td>Grzesiek<\/td><td>0:2<\/td><td>0 pkt.<\/td><\/tr><tr><td>Karol<\/td><td>2:2 (Polska)<\/td><td>4 pkt.<\/td><\/tr><tr><td>Jakub<\/td><td>1:1 (Polska)<\/td><td>2 pkt.<\/td><\/tr><\/tbody><\/table><\/figure>\n<\/div><\/div>\n\n\n\n<hr class=\"wp-block-separator has-alpha-channel-opacity\"\/>\n\n\n\n<p>Je\u015bli by\u0142aby taka sytuacja, \u017ce w tym meczu by\u0142o 1:1 do dogrywki i po dogrywce 2:2, nie ma to jak widzicie znaczenia w punktacji u Jakuba (wskaza\u0142 wynik 1:1, ale liczy si\u0119 wynik po dogrywce- dlatego otrzyma\u0142 1 pkt. za remis i 1 pkt. za wskazanie poprawnie zwyci\u0119zcy).<\/p>\n\n\n\n<p>Dodatkowo wskazuje na wynik Zosi, kt\u00f3ra obstawi\u0142a 1:0 dla Polski i dosta\u0142a 1 pkt., poniewa\u017c poprawnie wskaza\u0142a zwyci\u0119zc\u0119 (nie ma tutaj znaczenia, \u017ce Polska wygra\u0142a w karnych).<\/p>\n","protected":false},"excerpt":{"rendered":"<p>Typujemy ju\u017c par\u0119 lat, zawsze na tych samych zasadach. Mo\u017cecie&hellip;<\/p>\n<p> <a class=\"more-link\" href=\"https:\/\/www.kozaaa.pl\/typowacze\/home\/zasady\/\">Dowiedz si\u0119 wi\u0119cej<\/a><\/p>\n","protected":false},"author":1,"featured_media":0,"parent":8754,"menu_order":-2,"comment_status":"closed","ping_status":"closed","template":"","meta":{"footnotes":""},"class_list":["post-12618","page","type-page","status-publish"],"_links":{"self":[{"href":"https:\/\/www.kozaaa.pl\/typowacze\/wp-json\/wp\/v2\/pages\/12618","targetHints":{"allow":["GET"]}}],"collection":[{"href":"https:\/\/www.kozaaa.pl\/typowacze\/wp-json\/wp\/v2\/pages"}],"about":[{"href":"https:\/\/www.kozaaa.pl\/typowacze\/wp-json\/wp\/v2\/types\/page"}],"author":[{"embeddable":true,"href":"https:\/\/www.kozaaa.pl\/typowacze\/wp-json\/wp\/v2\/users\/1"}],"replies":[{"embeddable":true,"href":"https:\/\/www.kozaaa.pl\/typowacze\/wp-json\/wp\/v2\/comments?post=12618"}],"version-history":[{"count":12,"href":"https:\/\/www.kozaaa.pl\/typowacze\/wp-json\/wp\/v2\/pages\/12618\/revisions"}],"predecessor-version":[{"id":12666,"href":"https:\/\/www.kozaaa.pl\/typowacze\/wp-json\/wp\/v2\/pages\/12618\/revisions\/12666"}],"up":[{"embeddable":true,"href":"https:\/\/www.kozaaa.pl\/typowacze\/wp-json\/wp\/v2\/pages\/8754"}],"wp:attachment":[{"href":"https:\/\/www.kozaaa.pl\/typowacze\/wp-json\/wp\/v2\/media?parent=12618"}],"curies":[{"name":"wp","href":"https:\/\/api.w.org\/{rel}","templated":true}]}}